{"id":100,"date":"2025-02-05T09:22:44","date_gmt":"2025-02-05T08:22:44","guid":{"rendered":"https:\/\/npk.nu\/shop\/?post_type=product&#038;p=100"},"modified":"2026-03-05T20:00:36","modified_gmt":"2026-03-05T19:00:36","slug":"kajakplats-2025-smithska-udden","status":"publish","type":"product","link":"https:\/\/npk.nu\/shop\/produkt\/kajakplats-2025-smithska-udden\/","title":{"rendered":"Kajakplats, Smithska Udden (ny plats m\u00e5ste godk\u00e4nnas av styrelsen@npk.nu)"},"content":{"rendered":"<p>Plats i kajakf\u00f6rr\u00e5det vid Smithska Udden (N\u00e4set). Observera att f\u00f6r att f\u00e5 kanotplats, skall man f\u00e5 sin ans\u00f6kan beviljad av styrelsen. Ans\u00f6kan skickas till styrelsen@npk.nu<\/p>\n","protected":false},"excerpt":{"rendered":"<p>Plats i kajakf\u00f6rr\u00e5det vid Smithska Udden (N\u00e4set). Observera att f\u00f6r att f\u00e5 kanotplats, skall man f\u00e5 sin ans\u00f6kan beviljad av styrelsen. Ans\u00f6kan skickas till styrelsen@npk.nu<\/p>\n","protected":false},"featured_media":0,"comment_status":"closed","ping_status":"closed","template":"","meta":[],"product_brand":[],"product_cat":[21],"product_tag":[],"class_list":{"0":"post-100","1":"product","2":"type-product","3":"status-publish","5":"product_cat-kajakplats-kajaklan","7":"first","8":"instock","9":"virtual","10":"sold-individually","11":"purchasable","12":"product-type-simple"},"_links":{"self":[{"href":"https:\/\/npk.nu\/shop\/wp-json\/wp\/v2\/product\/100","targetHints":{"allow":["GET"]}}],"collection":[{"href":"https:\/\/npk.nu\/shop\/wp-json\/wp\/v2\/product"}],"about":[{"href":"https:\/\/npk.nu\/shop\/wp-json\/wp\/v2\/types\/product"}],"replies":[{"embeddable":true,"href":"https:\/\/npk.nu\/shop\/wp-json\/wp\/v2\/comments?post=100"}],"wp:attachment":[{"href":"https:\/\/npk.nu\/shop\/wp-json\/wp\/v2\/media?parent=100"}],"wp:term":[{"taxonomy":"product_brand","embeddable":true,"href":"https:\/\/npk.nu\/shop\/wp-json\/wp\/v2\/product_brand?post=100"},{"taxonomy":"product_cat","embeddable":true,"href":"https:\/\/npk.nu\/shop\/wp-json\/wp\/v2\/product_cat?post=100"},{"taxonomy":"product_tag","embeddable":true,"href":"https:\/\/npk.nu\/shop\/wp-json\/wp\/v2\/product_tag?post=100"}],"curies":[{"name":"wp","href":"https:\/\/api.w.org\/{rel}","templated":true}]}}