{"id":102,"date":"2025-02-05T09:22:44","date_gmt":"2025-02-05T08:22:44","guid":{"rendered":"https:\/\/npk.nu\/shop\/?post_type=product&#038;p=102"},"modified":"2026-03-16T17:25:50","modified_gmt":"2026-03-16T16:25:50","slug":"smittennyckel","status":"publish","type":"product","link":"https:\/\/npk.nu\/shop\/produkt\/smittennyckel\/","title":{"rendered":"Smittennyckel"},"content":{"rendered":"<p>Deposition och avgift f\u00f6r nyckel. Observera att f\u00f6r att f\u00e5 nyckel, skall man f\u00e5 sin ans\u00f6kan beviljad av styrelsen. Ans\u00f6kan skickas till styrelsen@npk.nu<\/p>\n","protected":false},"excerpt":{"rendered":"<p>Deposition och avgift f\u00f6r nyckel. Observera att f\u00f6r att f\u00e5 nyckel, skall man f\u00e5 sin ans\u00f6kan beviljad av styrelsen. Ans\u00f6kan skickas till styrelsen@npk.nu<\/p>\n","protected":false},"featured_media":142,"comment_status":"closed","ping_status":"closed","template":"","meta":[],"product_brand":[],"product_cat":[22],"product_tag":[],"class_list":{"0":"post-102","1":"product","2":"type-product","3":"status-publish","4":"has-post-thumbnail","6":"product_cat-nycklar-taggar","8":"first","9":"instock","10":"virtual","11":"purchasable","12":"product-type-simple"},"_links":{"self":[{"href":"https:\/\/npk.nu\/shop\/wp-json\/wp\/v2\/product\/102","targetHints":{"allow":["GET"]}}],"collection":[{"href":"https:\/\/npk.nu\/shop\/wp-json\/wp\/v2\/product"}],"about":[{"href":"https:\/\/npk.nu\/shop\/wp-json\/wp\/v2\/types\/product"}],"replies":[{"embeddable":true,"href":"https:\/\/npk.nu\/shop\/wp-json\/wp\/v2\/comments?post=102"}],"wp:featuredmedia":[{"embeddable":true,"href":"https:\/\/npk.nu\/shop\/wp-json\/wp\/v2\/media\/142"}],"wp:attachment":[{"href":"https:\/\/npk.nu\/shop\/wp-json\/wp\/v2\/media?parent=102"}],"wp:term":[{"taxonomy":"product_brand","embeddable":true,"href":"https:\/\/npk.nu\/shop\/wp-json\/wp\/v2\/product_brand?post=102"},{"taxonomy":"product_cat","embeddable":true,"href":"https:\/\/npk.nu\/shop\/wp-json\/wp\/v2\/product_cat?post=102"},{"taxonomy":"product_tag","embeddable":true,"href":"https:\/\/npk.nu\/shop\/wp-json\/wp\/v2\/product_tag?post=102"}],"curies":[{"name":"wp","href":"https:\/\/api.w.org\/{rel}","templated":true}]}}