{"id":105,"date":"2025-02-05T09:22:44","date_gmt":"2025-02-05T08:22:44","guid":{"rendered":"https:\/\/npk.nu\/shop\/?post_type=product&#038;p=105"},"modified":"2026-03-05T20:05:54","modified_gmt":"2026-03-05T19:05:54","slug":"medlemsavgift-familj-ej-uthyrning","status":"publish","type":"product","link":"https:\/\/npk.nu\/shop\/produkt\/medlemsavgift-familj-ej-uthyrning\/","title":{"rendered":"Medlemsavgift familj, ej uthyrning"},"content":{"rendered":"<p>Medlemsavgift f\u00f6r obegr\u00e4nsat antal familjemedlemmar som bor p\u00e5 samma adress. Ungdomar kan ing\u00e5 i familj tom 23 \u00e5rs \u00e5lder. N\u00e5gra pass i kanotuthyrningen kr\u00e4vs ej.<\/p>\n<p>Tryck p\u00e5 L\u00e4gg till familjemedlem f\u00f6r att l\u00e4gga till alla familjemedlemmar.<\/p>\n","protected":false},"excerpt":{"rendered":"<p>Medlemsavgift f\u00f6r obegr\u00e4nsat antal familjemedlemmar som bor p\u00e5 samma adress. Ungdomar kan ing\u00e5 i familj tom 23 \u00e5rs \u00e5lder. N\u00e5gra pass i kanotuthyrningen kr\u00e4vs ej.<\/p>\n<p>Tryck p\u00e5 L\u00e4gg till familjemedlem f\u00f6r att l\u00e4gga till alla familjemedlemmar.<\/p>\n","protected":false},"featured_media":0,"comment_status":"closed","ping_status":"closed","template":"","meta":[],"product_brand":[],"product_cat":[20],"product_tag":[],"class_list":{"0":"post-105","1":"product","2":"type-product","3":"status-publish","5":"product_cat-medlemsavgift","7":"first","8":"instock","9":"virtual","10":"sold-individually","11":"purchasable","12":"product-type-simple"},"_links":{"self":[{"href":"https:\/\/npk.nu\/shop\/wp-json\/wp\/v2\/product\/105","targetHints":{"allow":["GET"]}}],"collection":[{"href":"https:\/\/npk.nu\/shop\/wp-json\/wp\/v2\/product"}],"about":[{"href":"https:\/\/npk.nu\/shop\/wp-json\/wp\/v2\/types\/product"}],"replies":[{"embeddable":true,"href":"https:\/\/npk.nu\/shop\/wp-json\/wp\/v2\/comments?post=105"}],"wp:attachment":[{"href":"https:\/\/npk.nu\/shop\/wp-json\/wp\/v2\/media?parent=105"}],"wp:term":[{"taxonomy":"product_brand","embeddable":true,"href":"https:\/\/npk.nu\/shop\/wp-json\/wp\/v2\/product_brand?post=105"},{"taxonomy":"product_cat","embeddable":true,"href":"https:\/\/npk.nu\/shop\/wp-json\/wp\/v2\/product_cat?post=105"},{"taxonomy":"product_tag","embeddable":true,"href":"https:\/\/npk.nu\/shop\/wp-json\/wp\/v2\/product_tag?post=105"}],"curies":[{"name":"wp","href":"https:\/\/api.w.org\/{rel}","templated":true}]}}