{"id":109,"date":"2025-02-05T09:22:45","date_gmt":"2025-02-05T08:22:45","guid":{"rendered":"https:\/\/npk.nu\/shop\/?post_type=product&#038;p=109"},"modified":"2026-03-05T19:54:01","modified_gmt":"2026-03-05T18:54:01","slug":"traningsavgift-2025-ungdom","status":"publish","type":"product","link":"https:\/\/npk.nu\/shop\/produkt\/traningsavgift-2025-ungdom\/","title":{"rendered":"Tr\u00e4ningsavgift, ungdom"},"content":{"rendered":"<div class=\"description\">Obligatorisk avgift f\u00f6r ungdomar som deltar i den organiserade tr\u00e4ningen, oavsett om man ing\u00e5r i familj eller ej. Kanotplats och kanotl\u00e5n ing\u00e5r i denna avgift. Ny kanotplats beh\u00f6ver godk\u00e4nnas av styrelsen@npk.nu. G\u00e4ller tom det \u00e5r man fyller 23 \u00e5r.<\/div>\n","protected":false},"excerpt":{"rendered":"<p>Obligatorisk avgift f\u00f6r ungdomar som deltar i den organiserade tr\u00e4ningen, oavsett om man ing\u00e5r i familj eller ej. Kanotplats och kanotl\u00e5n ing\u00e5r i denna avgift. Ny kanotplats beh\u00f6ver godk\u00e4nnas av styrelsen@npk.nu. G\u00e4ller tom det \u00e5r man fyller 23 \u00e5r.<\/p>\n","protected":false},"featured_media":0,"comment_status":"closed","ping_status":"closed","template":"","meta":[],"product_brand":[],"product_cat":[20],"product_tag":[],"class_list":{"0":"post-109","1":"product","2":"type-product","3":"status-publish","5":"product_cat-medlemsavgift","7":"first","8":"instock","9":"virtual","10":"sold-individually","11":"purchasable","12":"product-type-simple"},"_links":{"self":[{"href":"https:\/\/npk.nu\/shop\/wp-json\/wp\/v2\/product\/109","targetHints":{"allow":["GET"]}}],"collection":[{"href":"https:\/\/npk.nu\/shop\/wp-json\/wp\/v2\/product"}],"about":[{"href":"https:\/\/npk.nu\/shop\/wp-json\/wp\/v2\/types\/product"}],"replies":[{"embeddable":true,"href":"https:\/\/npk.nu\/shop\/wp-json\/wp\/v2\/comments?post=109"}],"wp:attachment":[{"href":"https:\/\/npk.nu\/shop\/wp-json\/wp\/v2\/media?parent=109"}],"wp:term":[{"taxonomy":"product_brand","embeddable":true,"href":"https:\/\/npk.nu\/shop\/wp-json\/wp\/v2\/product_brand?post=109"},{"taxonomy":"product_cat","embeddable":true,"href":"https:\/\/npk.nu\/shop\/wp-json\/wp\/v2\/product_cat?post=109"},{"taxonomy":"product_tag","embeddable":true,"href":"https:\/\/npk.nu\/shop\/wp-json\/wp\/v2\/product_tag?post=109"}],"curies":[{"name":"wp","href":"https:\/\/api.w.org\/{rel}","templated":true}]}}