{"id":110,"date":"2025-02-05T09:22:45","date_gmt":"2025-02-05T08:22:45","guid":{"rendered":"https:\/\/npk.nu\/shop\/?post_type=product&#038;p=110"},"modified":"2026-03-16T17:25:44","modified_gmt":"2026-03-16T16:25:44","slug":"bomnyckel","status":"publish","type":"product","link":"https:\/\/npk.nu\/shop\/produkt\/bomnyckel\/","title":{"rendered":"Bomnyckel"},"content":{"rendered":"<div class=\"simpleCart_shelfItem panel\">\n<div id=\"shelfItemDetails_2_52eef3fa323ab11e2a00000b\" class=\"details panel-collapse in\">\n<div class=\"description\">Nyckel till bommen uppe vid &#8221;Delsj\u00f6v\u00e4gen&#8221;. Observera att f\u00f6r att f\u00e5 nyckel, skall man f\u00e5 sin ans\u00f6kan beviljad av styrelsen. Ans\u00f6kan skickas till styrelsen@npk.nu<\/div>\n<form class=\"form-horizontal options\" role=\"form\"><\/form>\n<\/div>\n<\/div>\n","protected":false},"excerpt":{"rendered":"<p>Nyckel till bommen uppe vid &#8221;Delsj\u00f6v\u00e4gen&#8221;. Observera att f\u00f6r att f\u00e5 nyckel, skall man f\u00e5 sin ans\u00f6kan beviljad av styrelsen. Ans\u00f6kan skickas till styrelsen@npk.nu<\/p>\n","protected":false},"featured_media":143,"comment_status":"closed","ping_status":"closed","template":"","meta":[],"product_brand":[],"product_cat":[22],"product_tag":[],"class_list":{"0":"post-110","1":"product","2":"type-product","3":"status-publish","4":"has-post-thumbnail","6":"product_cat-nycklar-taggar","8":"first","9":"instock","10":"virtual","11":"purchasable","12":"product-type-simple"},"_links":{"self":[{"href":"https:\/\/npk.nu\/shop\/wp-json\/wp\/v2\/product\/110","targetHints":{"allow":["GET"]}}],"collection":[{"href":"https:\/\/npk.nu\/shop\/wp-json\/wp\/v2\/product"}],"about":[{"href":"https:\/\/npk.nu\/shop\/wp-json\/wp\/v2\/types\/product"}],"replies":[{"embeddable":true,"href":"https:\/\/npk.nu\/shop\/wp-json\/wp\/v2\/comments?post=110"}],"wp:featuredmedia":[{"embeddable":true,"href":"https:\/\/npk.nu\/shop\/wp-json\/wp\/v2\/media\/143"}],"wp:attachment":[{"href":"https:\/\/npk.nu\/shop\/wp-json\/wp\/v2\/media?parent=110"}],"wp:term":[{"taxonomy":"product_brand","embeddable":true,"href":"https:\/\/npk.nu\/shop\/wp-json\/wp\/v2\/product_brand?post=110"},{"taxonomy":"product_cat","embeddable":true,"href":"https:\/\/npk.nu\/shop\/wp-json\/wp\/v2\/product_cat?post=110"},{"taxonomy":"product_tag","embeddable":true,"href":"https:\/\/npk.nu\/shop\/wp-json\/wp\/v2\/product_tag?post=110"}],"curies":[{"name":"wp","href":"https:\/\/api.w.org\/{rel}","templated":true}]}}