{"id":176,"date":"2025-03-09T13:16:16","date_gmt":"2025-03-09T12:16:16","guid":{"rendered":"https:\/\/npk.nu\/shop\/?post_type=product&#038;p=176"},"modified":"2026-03-02T10:58:25","modified_gmt":"2026-03-02T09:58:25","slug":"hyra-klubblokal","status":"publish","type":"product","link":"https:\/\/npk.nu\/shop\/produkt\/hyra-klubblokal\/","title":{"rendered":"Hyra klubblokal"},"content":{"rendered":"<p>Hyra av klubblokalen. Observera att f\u00f6r att f\u00e5 hyra klobblokalen, skall man f\u00e5 sin ans\u00f6kan beviljad av styrelsen. Ans\u00f6kan skickas till styrelsen@npk.nu<\/p>\n","protected":false},"excerpt":{"rendered":"<p>Hyra av klubblokalen. Observera att f\u00f6r att f\u00e5 hyra klobblokalen, skall man f\u00e5 sin ans\u00f6kan beviljad av styrelsen. Ans\u00f6kan skickas till styrelsen@npk.nu<\/p>\n","protected":false},"featured_media":0,"comment_status":"closed","ping_status":"closed","template":"","meta":[],"product_brand":[],"product_cat":[35],"product_tag":[],"class_list":{"0":"post-176","1":"product","2":"type-product","3":"status-publish","5":"product_cat-ovrigt","7":"first","8":"instock","9":"virtual","10":"purchasable","11":"product-type-simple"},"_links":{"self":[{"href":"https:\/\/npk.nu\/shop\/wp-json\/wp\/v2\/product\/176","targetHints":{"allow":["GET"]}}],"collection":[{"href":"https:\/\/npk.nu\/shop\/wp-json\/wp\/v2\/product"}],"about":[{"href":"https:\/\/npk.nu\/shop\/wp-json\/wp\/v2\/types\/product"}],"replies":[{"embeddable":true,"href":"https:\/\/npk.nu\/shop\/wp-json\/wp\/v2\/comments?post=176"}],"wp:attachment":[{"href":"https:\/\/npk.nu\/shop\/wp-json\/wp\/v2\/media?parent=176"}],"wp:term":[{"taxonomy":"product_brand","embeddable":true,"href":"https:\/\/npk.nu\/shop\/wp-json\/wp\/v2\/product_brand?post=176"},{"taxonomy":"product_cat","embeddable":true,"href":"https:\/\/npk.nu\/shop\/wp-json\/wp\/v2\/product_cat?post=176"},{"taxonomy":"product_tag","embeddable":true,"href":"https:\/\/npk.nu\/shop\/wp-json\/wp\/v2\/product_tag?post=176"}],"curies":[{"name":"wp","href":"https:\/\/api.w.org\/{rel}","templated":true}]}}