{"id":598,"date":"2026-04-03T14:26:00","date_gmt":"2026-04-03T12:26:00","guid":{"rendered":"https:\/\/npk.nu\/shop\/?post_type=product&#038;p=598"},"modified":"2026-04-03T14:27:28","modified_gmt":"2026-04-03T12:27:28","slug":"nyborjarkurs-i-motionskajak-for-vuxna-kurs3","status":"publish","type":"product","link":"https:\/\/npk.nu\/shop\/produkt\/nyborjarkurs-i-motionskajak-for-vuxna-kurs3\/","title":{"rendered":"Nyb\u00f6rjarkurs i motionskajak f\u00f6r vuxna 3 dagar, tisdagskurs 11\/8, 18\/8 och 25\/8"},"content":{"rendered":"<p>Tisdagskurs: 11\/8, 18\/8 och 25\/8. Samtliga tillf\u00e4llen kl. 17:30-21:00<\/p>\n<p>\u00c4r du intresserad av kajakpaddling som tr\u00e4ningsform, eller kanske att t\u00e4vla?<\/p>\n<p>Vi kommer att g\u00e5 igenom effektiv paddlingsteknik , man\u00f6verteknik och r\u00e4ddningstekniker f\u00f6r motionskajaker och mycket mer! R\u00e4ddningsdelen \u00e4r en viktig del av kurserna. Vi kommer att tr\u00e4na p\u00e5 att sj\u00e4lva kl\u00e4ttra upp i en kapsejsad kajak och att hj\u00e4lpa v\u00e5ra kamrater att komma upp.<\/p>\n<p>Vid NPKs anl\u00e4ggning vid Delsj\u00f6n.<\/p>\n<p><strong>I avgiften ing\u00e5r<\/strong><\/p>\n<p>I priset ing\u00e5r l\u00e5n av n\u00f6dv\u00e4ndig utrustning (kajak, paddel och flytv\u00e4st) och bastu och fika efter varje kurstillf\u00e4lle.<\/p>\n<p>I kursavgiften ing\u00e5r medlemskap i klubben f\u00f6r 2026.<br \/>\nD\u00e4rmed \u00e4r man v\u00e4lkommen att paddla med klubben efter kursen.<\/p>\n<p><strong>F\u00f6rkunskapskrav<\/strong><\/p>\n<p>F\u00f6r att kunna delta i n\u00e5gon av NPKs kurser m\u00e5ste du kunna simma minst 200 m.<\/p>\n<p>&nbsp;<\/p>\n<p>T\u00e4nk p\u00e5 att du kan\/kommer bli bl\u00f6t. V\u00e4lj passande kl\u00e4der, ex. tr\u00e4ningskl\u00e4der eller badkl\u00e4der. Skydda din mobiltelefon p\u00e5 l\u00e4mpligt s\u00e4tt.<\/p>\n<p>Mer information finns h\u00e4r: <a href=\"https:\/\/npk.nu\/kurser\" target=\"_blank\" rel=\"noopener\">https:\/\/npk.nu\/kurser<\/a><\/p>\n","protected":false},"excerpt":{"rendered":"<p>Tisdagskurs: 11\/8, 18\/8 och 25\/8. Samtliga tillf\u00e4llen kl. 17:30-21:00 \u00c4r du intresserad av kajakpaddling som tr\u00e4ningsform, eller kanske att t\u00e4vla? Vi kommer att g\u00e5 igenom effektiv paddlingsteknik , man\u00f6verteknik och r\u00e4ddningstekniker f\u00f6r motionskajaker och mycket mer! R\u00e4ddningsdelen \u00e4r en viktig del av kurserna. Vi kommer att tr\u00e4na p\u00e5 att sj\u00e4lva kl\u00e4ttra upp i en kapsejsad [&hellip;]<\/p>\n","protected":false},"featured_media":460,"comment_status":"closed","ping_status":"closed","template":"","meta":[],"product_brand":[],"product_cat":[23],"product_tag":[],"class_list":{"0":"post-598","1":"product","2":"type-product","3":"status-publish","4":"has-post-thumbnail","6":"product_cat-kurser","8":"first","9":"instock","10":"virtual","11":"sold-individually","12":"purchasable","13":"product-type-simple"},"_links":{"self":[{"href":"https:\/\/npk.nu\/shop\/wp-json\/wp\/v2\/product\/598","targetHints":{"allow":["GET"]}}],"collection":[{"href":"https:\/\/npk.nu\/shop\/wp-json\/wp\/v2\/product"}],"about":[{"href":"https:\/\/npk.nu\/shop\/wp-json\/wp\/v2\/types\/product"}],"replies":[{"embeddable":true,"href":"https:\/\/npk.nu\/shop\/wp-json\/wp\/v2\/comments?post=598"}],"wp:featuredmedia":[{"embeddable":true,"href":"https:\/\/npk.nu\/shop\/wp-json\/wp\/v2\/media\/460"}],"wp:attachment":[{"href":"https:\/\/npk.nu\/shop\/wp-json\/wp\/v2\/media?parent=598"}],"wp:term":[{"taxonomy":"product_brand","embeddable":true,"href":"https:\/\/npk.nu\/shop\/wp-json\/wp\/v2\/product_brand?post=598"},{"taxonomy":"product_cat","embeddable":true,"href":"https:\/\/npk.nu\/shop\/wp-json\/wp\/v2\/product_cat?post=598"},{"taxonomy":"product_tag","embeddable":true,"href":"https:\/\/npk.nu\/shop\/wp-json\/wp\/v2\/product_tag?post=598"}],"curies":[{"name":"wp","href":"https:\/\/api.w.org\/{rel}","templated":true}]}}