{"id":96,"date":"2025-02-05T09:22:44","date_gmt":"2025-02-05T08:22:44","guid":{"rendered":"https:\/\/npk.nu\/shop\/?post_type=product&#038;p=96"},"modified":"2026-03-02T10:58:25","modified_gmt":"2026-03-02T09:58:25","slug":"havskajaklan-per-dygn","status":"publish","type":"product","link":"https:\/\/npk.nu\/shop\/produkt\/havskajaklan-per-dygn\/","title":{"rendered":"Havskajakl\u00e5n, per dygn"},"content":{"rendered":"<p>L\u00e5n av klubbkajaker, havskajaker, f\u00f6r turpaddling. F\u00f6retr\u00e4de f\u00f6r klubbturer. 150 kr per dag n\u00e4r kajaken \u00e4r ute flera dagar. Du m\u00e5ste f\u00f6rst boka kajaken i ett googleformul\u00e4r s\u00e5 du vet att den \u00e4r ledig och s\u00e5 att andra medlemmar vet att den \u00e4r bokad. Se mer info p\u00e5 hemsidan!<\/p>\n","protected":false},"excerpt":{"rendered":"<p>L\u00e5n av klubbkajaker, havskajaker, f\u00f6r turpaddling. F\u00f6retr\u00e4de f\u00f6r klubbturer. 150 kr per dag n\u00e4r kajaken \u00e4r ute flera dagar. Du m\u00e5ste f\u00f6rst boka kajaken i ett googleformul\u00e4r s\u00e5 du vet att den \u00e4r ledig och s\u00e5 att andra medlemmar vet att den \u00e4r bokad. Se mer info p\u00e5 hemsidan!<\/p>\n","protected":false},"featured_media":139,"comment_status":"closed","ping_status":"closed","template":"","meta":[],"product_brand":[],"product_cat":[21],"product_tag":[],"class_list":{"0":"post-96","1":"product","2":"type-product","3":"status-publish","4":"has-post-thumbnail","6":"product_cat-kajakplats-kajaklan","8":"first","9":"instock","10":"virtual","11":"purchasable","12":"product-type-simple"},"_links":{"self":[{"href":"https:\/\/npk.nu\/shop\/wp-json\/wp\/v2\/product\/96","targetHints":{"allow":["GET"]}}],"collection":[{"href":"https:\/\/npk.nu\/shop\/wp-json\/wp\/v2\/product"}],"about":[{"href":"https:\/\/npk.nu\/shop\/wp-json\/wp\/v2\/types\/product"}],"replies":[{"embeddable":true,"href":"https:\/\/npk.nu\/shop\/wp-json\/wp\/v2\/comments?post=96"}],"wp:featuredmedia":[{"embeddable":true,"href":"https:\/\/npk.nu\/shop\/wp-json\/wp\/v2\/media\/139"}],"wp:attachment":[{"href":"https:\/\/npk.nu\/shop\/wp-json\/wp\/v2\/media?parent=96"}],"wp:term":[{"taxonomy":"product_brand","embeddable":true,"href":"https:\/\/npk.nu\/shop\/wp-json\/wp\/v2\/product_brand?post=96"},{"taxonomy":"product_cat","embeddable":true,"href":"https:\/\/npk.nu\/shop\/wp-json\/wp\/v2\/product_cat?post=96"},{"taxonomy":"product_tag","embeddable":true,"href":"https:\/\/npk.nu\/shop\/wp-json\/wp\/v2\/product_tag?post=96"}],"curies":[{"name":"wp","href":"https:\/\/api.w.org\/{rel}","templated":true}]}}