{"id":97,"date":"2025-02-05T09:22:44","date_gmt":"2025-02-05T08:22:44","guid":{"rendered":"https:\/\/npk.nu\/shop\/?post_type=product&#038;p=97"},"modified":"2026-03-05T17:43:14","modified_gmt":"2026-03-05T16:43:14","slug":"kajaklan","status":"publish","type":"product","link":"https:\/\/npk.nu\/shop\/produkt\/kajaklan\/","title":{"rendered":"Kajakl\u00e5n"},"content":{"rendered":"<p>L\u00e5n av klubbkajaker f\u00f6r personlig tr\u00e4ning i klubbens anl\u00e4ggningar.<\/p>\n","protected":false},"excerpt":{"rendered":"<p>L\u00e5n av klubbkajaker f\u00f6r personlig tr\u00e4ning i klubbens anl\u00e4ggningar.<\/p>\n","protected":false},"featured_media":138,"comment_status":"closed","ping_status":"closed","template":"","meta":[],"product_brand":[],"product_cat":[21],"product_tag":[],"class_list":{"0":"post-97","1":"product","2":"type-product","3":"status-publish","4":"has-post-thumbnail","6":"product_cat-kajakplats-kajaklan","8":"first","9":"instock","10":"virtual","11":"sold-individually","12":"purchasable","13":"product-type-simple"},"_links":{"self":[{"href":"https:\/\/npk.nu\/shop\/wp-json\/wp\/v2\/product\/97","targetHints":{"allow":["GET"]}}],"collection":[{"href":"https:\/\/npk.nu\/shop\/wp-json\/wp\/v2\/product"}],"about":[{"href":"https:\/\/npk.nu\/shop\/wp-json\/wp\/v2\/types\/product"}],"replies":[{"embeddable":true,"href":"https:\/\/npk.nu\/shop\/wp-json\/wp\/v2\/comments?post=97"}],"wp:featuredmedia":[{"embeddable":true,"href":"https:\/\/npk.nu\/shop\/wp-json\/wp\/v2\/media\/138"}],"wp:attachment":[{"href":"https:\/\/npk.nu\/shop\/wp-json\/wp\/v2\/media?parent=97"}],"wp:term":[{"taxonomy":"product_brand","embeddable":true,"href":"https:\/\/npk.nu\/shop\/wp-json\/wp\/v2\/product_brand?post=97"},{"taxonomy":"product_cat","embeddable":true,"href":"https:\/\/npk.nu\/shop\/wp-json\/wp\/v2\/product_cat?post=97"},{"taxonomy":"product_tag","embeddable":true,"href":"https:\/\/npk.nu\/shop\/wp-json\/wp\/v2\/product_tag?post=97"}],"curies":[{"name":"wp","href":"https:\/\/api.w.org\/{rel}","templated":true}]}}