{"id":99,"date":"2025-02-05T09:22:44","date_gmt":"2025-02-05T08:22:44","guid":{"rendered":"https:\/\/npk.nu\/shop\/?post_type=product&#038;p=99"},"modified":"2026-03-25T19:44:09","modified_gmt":"2026-03-25T18:44:09","slug":"kajakplats-delsjon","status":"publish","type":"product","link":"https:\/\/npk.nu\/shop\/produkt\/kajakplats-delsjon\/","title":{"rendered":"Kajakplats Delsj\u00f6n (ny plats m\u00e5ste godk\u00e4nnas av styrelsen@npk.nu)"},"content":{"rendered":"<p>Hyra f\u00f6r kajakplats vid Delsj\u00f6n. Observera att f\u00f6r att f\u00e5 kanotplats, skall man f\u00e5 sin ans\u00f6kan beviljad av styrelsen. Ans\u00f6kan skickas till styrelsen@npk.nu<\/p>\n","protected":false},"excerpt":{"rendered":"<p>Hyra f\u00f6r kajakplats vid Delsj\u00f6n. Observera att f\u00f6r att f\u00e5 kanotplats, skall man f\u00e5 sin ans\u00f6kan beviljad av styrelsen. Ans\u00f6kan skickas till styrelsen@npk.nu<\/p>\n","protected":false},"featured_media":138,"comment_status":"closed","ping_status":"closed","template":"","meta":[],"product_brand":[],"product_cat":[21],"product_tag":[],"class_list":{"0":"post-99","1":"product","2":"type-product","3":"status-publish","4":"has-post-thumbnail","6":"product_cat-kajakplats-kajaklan","8":"first","9":"instock","10":"virtual","11":"sold-individually","12":"purchasable","13":"product-type-simple"},"_links":{"self":[{"href":"https:\/\/npk.nu\/shop\/wp-json\/wp\/v2\/product\/99","targetHints":{"allow":["GET"]}}],"collection":[{"href":"https:\/\/npk.nu\/shop\/wp-json\/wp\/v2\/product"}],"about":[{"href":"https:\/\/npk.nu\/shop\/wp-json\/wp\/v2\/types\/product"}],"replies":[{"embeddable":true,"href":"https:\/\/npk.nu\/shop\/wp-json\/wp\/v2\/comments?post=99"}],"wp:featuredmedia":[{"embeddable":true,"href":"https:\/\/npk.nu\/shop\/wp-json\/wp\/v2\/media\/138"}],"wp:attachment":[{"href":"https:\/\/npk.nu\/shop\/wp-json\/wp\/v2\/media?parent=99"}],"wp:term":[{"taxonomy":"product_brand","embeddable":true,"href":"https:\/\/npk.nu\/shop\/wp-json\/wp\/v2\/product_brand?post=99"},{"taxonomy":"product_cat","embeddable":true,"href":"https:\/\/npk.nu\/shop\/wp-json\/wp\/v2\/product_cat?post=99"},{"taxonomy":"product_tag","embeddable":true,"href":"https:\/\/npk.nu\/shop\/wp-json\/wp\/v2\/product_tag?post=99"}],"curies":[{"name":"wp","href":"https:\/\/api.w.org\/{rel}","templated":true}]}}